{"id":40,"date":"2018-05-07T10:00:38","date_gmt":"2018-05-07T13:00:38","guid":{"rendered":"http:\/\/sauberglas.com.br\/?page_id=40"},"modified":"2022-05-24T17:19:26","modified_gmt":"2022-05-24T20:19:26","slug":"servicos","status":"publish","type":"page","link":"https:\/\/sauberglas.com.br\/index.php\/servicos\/","title":{"rendered":"Servi\u00e7os"},"content":{"rendered":"\t\t<div data-elementor-type=\"wp-page\" data-elementor-id=\"40\" class=\"elementor elementor-40 elementor-bc-flex-widget\">\n\t\t\t\t\t\t<section class=\"elementor-section elementor-top-section elementor-element elementor-element-be103a2 elementor-section-boxed elementor-section-height-default elementor-section-height-default\" data-id=\"be103a2\" data-element_type=\"section\">\n\t\t\t\t\t\t<div class=\"elementor-container elementor-column-gap-default\">\n\t\t\t\t\t<div class=\"elementor-column elementor-col-33 elementor-top-column elementor-element elementor-element-0576e15\" data-id=\"0576e15\" data-element_type=\"column\">\n\t\t\t<div class=\"elementor-widget-wrap elementor-element-populated\">\n\t\t\t\t\t\t<div class=\"elementor-element elementor-element-b284d53 elementor-widget elementor-widget-image\" data-id=\"b284d53\" data-element_type=\"widget\" data-widget_type=\"image.default\">\n\t\t\t\t<div class=\"elementor-widget-container\">\n\t\t\t\t\t\t\t\t\t\t\t\t\t\t\t<img fetchpriority=\"high\" decoding=\"async\" width=\"290\" height=\"306\" src=\"https:\/\/sauberglas.com.br\/wp-content\/uploads\/2018\/05\/349a61c7673521b8435f7940e188d0ac_290x310.png\" class=\"attachment-large size-large wp-image-42\" alt=\"\" srcset=\"https:\/\/sauberglas.com.br\/wp-content\/uploads\/2018\/05\/349a61c7673521b8435f7940e188d0ac_290x310.png 290w, https:\/\/sauberglas.com.br\/wp-content\/uploads\/2018\/05\/349a61c7673521b8435f7940e188d0ac_290x310-284x300.png 284w\" sizes=\"(max-width: 290px) 100vw, 290px\" \/>\t\t\t\t\t\t\t\t\t\t\t\t\t\t\t<\/div>\n\t\t\t\t<\/div>\n\t\t\t\t<div class=\"elementor-element elementor-element-a7d5042 elementor-widget elementor-widget-image\" data-id=\"a7d5042\" data-element_type=\"widget\" data-widget_type=\"image.default\">\n\t\t\t\t<div class=\"elementor-widget-container\">\n\t\t\t\t\t\t\t\t\t\t\t\t\t\t\t<img decoding=\"async\" width=\"220\" height=\"389\" src=\"https:\/\/sauberglas.com.br\/wp-content\/uploads\/2018\/05\/827d9f8126a3c06d88ac68c0882eda3d_220x400.jpg\" class=\"attachment-large size-large wp-image-41\" alt=\"\" srcset=\"https:\/\/sauberglas.com.br\/wp-content\/uploads\/2018\/05\/827d9f8126a3c06d88ac68c0882eda3d_220x400.jpg 220w, https:\/\/sauberglas.com.br\/wp-content\/uploads\/2018\/05\/827d9f8126a3c06d88ac68c0882eda3d_220x400-170x300.jpg 170w\" sizes=\"(max-width: 220px) 100vw, 220px\" \/>\t\t\t\t\t\t\t\t\t\t\t\t\t\t\t<\/div>\n\t\t\t\t<\/div>\n\t\t\t\t\t<\/div>\n\t\t<\/div>\n\t\t\t\t<div class=\"elementor-column elementor-col-66 elementor-top-column elementor-element elementor-element-ebbba01\" data-id=\"ebbba01\" data-element_type=\"column\">\n\t\t\t<div class=\"elementor-widget-wrap elementor-element-populated\">\n\t\t\t\t\t\t<div class=\"elementor-element elementor-element-08adf2b elementor-widget elementor-widget-heading\" data-id=\"08adf2b\" data-element_type=\"widget\" data-widget_type=\"heading.default\">\n\t\t\t\t<div class=\"elementor-widget-container\">\n\t\t\t\t\t<h2 class=\"elementor-heading-title elementor-size-default\">Limpeza de pr\u00e9dios<\/h2>\t\t\t\t<\/div>\n\t\t\t\t<\/div>\n\t\t\t\t<div class=\"elementor-element elementor-element-3c2a8b8 elementor-widget elementor-widget-text-editor\" data-id=\"3c2a8b8\" data-element_type=\"widget\" data-widget_type=\"text-editor.default\">\n\t\t\t\t<div class=\"elementor-widget-container\">\n\t\t\t\t\t\t\t\t\tPara limpeza de pr\u00e9dio, ou seja, para trabalho em altura al\u00e9m dos equipamentos apropriados e produtos espec\u00edficos para cada tipo de revestimento \u00e9 necess\u00e1rio zelar pela seguran\u00e7a n\u00e3o s\u00f3 dos nossos colaboradores que utilizam equipamentos dentro das normas e tamb\u00e9m possuem treinamentos espec\u00edficos para realiza\u00e7\u00e3o do servi\u00e7o, como dos moradores isolando a \u00e1rea de atua\u00e7\u00e3o.\t\t\t\t\t\t\t\t<\/div>\n\t\t\t\t<\/div>\n\t\t\t\t<div class=\"elementor-element elementor-element-49741ca elementor-widget elementor-widget-heading\" data-id=\"49741ca\" data-element_type=\"widget\" data-widget_type=\"heading.default\">\n\t\t\t\t<div class=\"elementor-widget-container\">\n\t\t\t\t\t<h2 class=\"elementor-heading-title elementor-size-default\">Limpeza de vidros<\/h2>\t\t\t\t<\/div>\n\t\t\t\t<\/div>\n\t\t\t\t<div class=\"elementor-element elementor-element-009891d elementor-widget elementor-widget-text-editor\" data-id=\"009891d\" data-element_type=\"widget\" data-widget_type=\"text-editor.default\">\n\t\t\t\t<div class=\"elementor-widget-container\">\n\t\t\t\t\t\t\t\t\tExecutamos a limpeza de vidros, n\u00e3o importando se estes s\u00e3o transparentes, espelhados ou fume, como tamb\u00e9m a limpeza dos caixilhos caso estes existam, o servi\u00e7o de limpeza de vidros \u00e9 prestado utilizando-se de cadeira suspensa (tipo rapel), o rodo emborrachado e raspador com l\u00e2mina, desta forma causando o menor inc\u00f4modo poss\u00edvel aos clientes do contratante.\t\t\t\t\t\t\t\t<\/div>\n\t\t\t\t<\/div>\n\t\t\t\t<div class=\"elementor-element elementor-element-7ce2002 elementor-widget elementor-widget-heading\" data-id=\"7ce2002\" data-element_type=\"widget\" data-widget_type=\"heading.default\">\n\t\t\t\t<div class=\"elementor-widget-container\">\n\t\t\t\t\t<h2 class=\"elementor-heading-title elementor-size-default\">Limpeza de vitrines<\/h2>\t\t\t\t<\/div>\n\t\t\t\t<\/div>\n\t\t\t\t<div class=\"elementor-element elementor-element-78c2d69 elementor-widget elementor-widget-text-editor\" data-id=\"78c2d69\" data-element_type=\"widget\" data-widget_type=\"text-editor.default\">\n\t\t\t\t<div class=\"elementor-widget-container\">\n\t\t\t\t\t\t\t\t\t<p>N\u00f3s buscamos nesses anos o aperfei\u00e7oamento de nossa empresa em limpeza p\u00f3s obra ou final de obra.<\/p><p>Em cada dia, um desafio, novos obst\u00e1culos, e com nossa experi\u00eancia no mercado a qualidade do servi\u00e7o \u00e9 o que conquistamos e prezamos. Limpeza p\u00f3s obra , limpeza de fachada de Condom\u00ednios, Residencial ou Comercial, Ind\u00fastria Construtora ,Shopping.<\/p><p>Nossos clientes no final de cada limpeza p\u00f3s obra\u00a0 se sentem satisfeitos com o trabalho, que para nossa empresa motivo de orgulho.<\/p>\t\t\t\t\t\t\t\t<\/div>\n\t\t\t\t<\/div>\n\t\t\t\t<div class=\"elementor-element elementor-element-9daeaa2 elementor-widget elementor-widget-heading\" data-id=\"9daeaa2\" data-element_type=\"widget\" data-widget_type=\"heading.default\">\n\t\t\t\t<div class=\"elementor-widget-container\">\n\t\t\t\t\t<h2 class=\"elementor-heading-title elementor-size-default\">Trabalho em Altura<\/h2>\t\t\t\t<\/div>\n\t\t\t\t<\/div>\n\t\t\t\t<div class=\"elementor-element elementor-element-4a2e61d elementor-widget elementor-widget-text-editor\" data-id=\"4a2e61d\" data-element_type=\"widget\" data-widget_type=\"text-editor.default\">\n\t\t\t\t<div class=\"elementor-widget-container\">\n\t\t\t\t\t\t\t\t\t<p>O que \u00e9 trabalho em altura? Trabalho de Altura \u00e9 uma \u00e1rea profissional destinada a trabalhos de alto risco feitos em locais de altitude elevada. Pode ser exercido depois de treinamento, testes e supervis\u00e3o, com equipamentos pr\u00f3prios e termos de responsabilidade. Bombeiros, eletricistas, limpadores de edif\u00edcios est\u00e3o entre os profissionais do trabalho em altura. Diferentemente da escalada esportiva, ocorre o comprometimento como em qualquer outro emprego e os devidos cumprimentos dos deveres e direitos trabalhistas.<\/p>\t\t\t\t\t\t\t\t<\/div>\n\t\t\t\t<\/div>\n\t\t\t\t\t<\/div>\n\t\t<\/div>\n\t\t\t\t\t<\/div>\n\t\t<\/section>\n\t\t\t\t<\/div>\n\t\t","protected":false},"excerpt":{"rendered":"<p>Limpeza de pr\u00e9dios Para limpeza de pr\u00e9dio, ou seja, para trabalho em altura al\u00e9m dos equipamentos apropriados e produtos espec\u00edficos para cada tipo de revestimento \u00e9 necess\u00e1rio zelar pela seguran\u00e7a n\u00e3o s\u00f3 dos nossos colaboradores que utilizam equipamentos dentro das normas e tamb\u00e9m possuem treinamentos espec\u00edficos para realiza\u00e7\u00e3o do servi\u00e7o, como dos moradores isolando a&hellip; <br \/> <a class=\"read-more\" href=\"https:\/\/sauberglas.com.br\/index.php\/servicos\/\">Leia mais<\/a><\/p>\n","protected":false},"author":1,"featured_media":0,"parent":0,"menu_order":0,"comment_status":"closed","ping_status":"closed","template":"","meta":{"footnotes":""},"class_list":["post-40","page","type-page","status-publish","hentry"],"_links":{"self":[{"href":"https:\/\/sauberglas.com.br\/index.php\/wp-json\/wp\/v2\/pages\/40","targetHints":{"allow":["GET"]}}],"collection":[{"href":"https:\/\/sauberglas.com.br\/index.php\/wp-json\/wp\/v2\/pages"}],"about":[{"href":"https:\/\/sauberglas.com.br\/index.php\/wp-json\/wp\/v2\/types\/page"}],"author":[{"embeddable":true,"href":"https:\/\/sauberglas.com.br\/index.php\/wp-json\/wp\/v2\/users\/1"}],"replies":[{"embeddable":true,"href":"https:\/\/sauberglas.com.br\/index.php\/wp-json\/wp\/v2\/comments?post=40"}],"version-history":[{"count":5,"href":"https:\/\/sauberglas.com.br\/index.php\/wp-json\/wp\/v2\/pages\/40\/revisions"}],"predecessor-version":[{"id":76,"href":"https:\/\/sauberglas.com.br\/index.php\/wp-json\/wp\/v2\/pages\/40\/revisions\/76"}],"wp:attachment":[{"href":"https:\/\/sauberglas.com.br\/index.php\/wp-json\/wp\/v2\/media?parent=40"}],"curies":[{"name":"wp","href":"https:\/\/api.w.org\/{rel}","templated":true}]}}