{"id":10,"date":"2018-05-07T09:20:36","date_gmt":"2018-05-07T12:20:36","guid":{"rendered":"http:\/\/sauberglas.com.br\/index.php\/mesmerize\/"},"modified":"2022-05-25T11:01:05","modified_gmt":"2022-05-25T14:01:05","slug":"mesmerize","status":"publish","type":"page","link":"https:\/\/sauberglas.com.br\/","title":{"rendered":"Front Page"},"content":{"rendered":"<div  data-label=\"Sobre nos\" data-id=\"about-9\" data-export-id=\"about-9\" data-category=\"about\" class=\"about-9 content-section content-section-spacing\" id=\"sobre-nos\" style=\"background-color: rgb(255, 255, 255); background-image: none;\"> <div  class=\"gridContainer\"> <div  class=\"row middle-sm text-center\"> <div  class=\"col-sm-5 space-bottom-xs content-column content-left-sm\" data-type=\"column\"> <h5  class=\"\"> A SAUBER GLAS \u00e9 especializada em  Presta\u00e7\u00e3o de Servi\u00e7os de Limpeza e Conserva\u00e7\u00e3o predial <\/h5>  <p  class=\"\">Nosso objetivo principal \u00e9 fornecer aos nossos clientes um atendimento personalizado e diferenciado, buscando identificar suas necessidades e oferecendo solu\u00e7\u00f5es adequadas e com qualidade para o alcance de suas metas, a fim de que ele possa dedicar-se mais despreocupadamente \u00e0s suas atividades finais (ao seu neg\u00f3cio).<br >Estamos sempre juntos ao cliente, avaliando e inovando, para que ele tenha certeza de que suas preocupa\u00e7\u00f5es com atividades secund\u00e1rias ser\u00e3o as menores poss\u00edveis.<\/p> <a  class=\"button color1\" href=\"#\" target=\"_self\" data-cp-link=\"1\"> Servi\u00e7os <\/a> <\/div> <div  class=\"col-sm-7 flexbox flexbox middle-xs center-xs\"> <div  class=\"overlay-box flexbox middle-xs center-xs overlay-holder \"> <div  class=\"overlay-box-offset shadow-medium bg-color2 hide-xs offset-background\"><\/div> <img decoding=\"async\"  class=\"flexbox shadow-large img1\" src=\"http:\/\/sauberglas.com.br\/wp-content\/uploads\/2018\/05\/df6a5c27ae3b5fa23150ae403f4651e3_260x270.jpg\"> <\/div> <\/div> <\/div> <\/div> <\/div><div  id=\"chamada\" data-label=\"Chamada\" data-id=\"cta-blue-section\" data-export-id=\"cta-blue-section\" data-category=\"cta\" class=\"cta-blue-section content-section content-section-spacing-medium bg-color1 white-text\" style=\"background-image: none; background-color: rgb(245, 250, 253);\"> <div  class=\"gridContainer\"> <div  class=\"row middle-xs\"> <div  class=\"col-sm-8 space-bottom-xs\" data-type=\"column\">  <p  class=\"\">PREZAMOS EM ATENDER BEM OS NOSSOS CLIENTES, COM&nbsp; FUNCION\u00c1RIOS QUALIFICADOS E MATERIAIS DE QUALIDADE, DENTRO DE UM&nbsp; PRAZO DE EXECU\u00c7\u00c3O NO MENOR TEMPO POSS\u00cdVEL.<\/p><p  class=\"lead\">ATUAMOS NA REGI\u00c3O DO VALE DO ITAJAI E JOINVILLE<\/p><\/div> <div  class=\"col-sm-4 end-sm\" data-type=\"column\">  <img decoding=\"async\"  class=\"custom-image\" src=\"http:\/\/sauberglas.com.br\/wp-content\/uploads\/2018\/05\/0305e4945b7af9245815263ab62a993f_270x270.png\"><\/div> <\/div> <\/div> <\/div><div  id=\"trabalhos-recentes\" style=\"background-color: #f5fafd;\" data-label=\"Trabalhos Recentes\" data-id=\"portfolio-4\" data-export-id=\"portfolio-4\" data-category=\"portfolio\" class=\"portfolio-4 content-section content-section-spacing-top\"> <div  class=\"\"> <div  class=\"row text-center\"> <div  class=\"section-title-col\" data-type=\"column\"> <h2  class=\"\"> Trabalhos Recentes<\/h2>  <\/div> <\/div> <div  data-type=\"row\" class=\"row\"> <div  class=\"col-xs-12 col-sm-3 no-gutter-col\"> <div  class=\"contentswap-effect\" data-hover-fx=\"portfolio-4\"> <div  class=\"initial-image\"> <img decoding=\"async\"  data-size=\"542x360\" src=\"http:\/\/sauberglas.com.br\/wp-content\/uploads\/2022\/05\/cropped-WhatsApp-Image-2022-05-23-at-11.01.142-1.jpeg\"> <\/div> <div  class=\"overlay bg-color1\"><\/div> <div  class=\"swap-inner col-xs-12\"> <div  class=\"row full-height-row middle-xs middle-sm\"> <div  class=\"col-xs-12 text-center content-holder\"> <a  href=\"#\" target=\"_self\"><i  class=\"fa icon big portfolio-icon fa-search\" aria-hidden=\"true\"><\/i><\/a> <\/div> <\/div> <\/div> <\/div> <\/div> <div  class=\"col-xs-12 col-sm-3 no-gutter-col\"> <div  class=\"contentswap-effect\" data-hover-fx=\"portfolio-4\"> <div  class=\"initial-image\"> <img decoding=\"async\"  data-size=\"542x360\" src=\"http:\/\/sauberglas.com.br\/wp-content\/uploads\/2022\/05\/cropped-WhatsApp-Image-2022-05-23-at-11.01.144.jpeg\"> <\/div> <div  class=\"overlay bg-color1\"><\/div> <div  class=\"swap-inner col-xs-12\"> <div  class=\"row full-height-row middle-xs middle-sm\"> <div  class=\"col-xs-12 text-center content-holder\"> <a  href=\"#\" target=\"_self\"><i  class=\"fa icon big portfolio-icon fa-search\" aria-hidden=\"true\"><\/i><\/a> <\/div> <\/div> <\/div> <\/div> <\/div> <div  class=\"col-xs-12 col-sm-3 no-gutter-col\"> <div  class=\"contentswap-effect\" data-hover-fx=\"portfolio-4\"> <div  class=\"initial-image\"> <img decoding=\"async\"  data-size=\"542x360\" src=\"http:\/\/sauberglas.com.br\/wp-content\/uploads\/2022\/05\/cropped-WhatsApp-Image-2022-05-23-at-11.01.14.jpeg\"> <\/div> <div  class=\"overlay bg-color1\"><\/div> <div  class=\"swap-inner col-xs-12\"> <div  class=\"row full-height-row middle-xs middle-sm\"> <div  class=\"col-xs-12 text-center content-holder\"> <a  href=\"#\" target=\"_self\"><i  class=\"fa icon big portfolio-icon fa-search\" aria-hidden=\"true\"><\/i><\/a> <\/div> <\/div> <\/div> <\/div> <\/div> <div  class=\"col-xs-12 col-sm-3 no-gutter-col\"> <div  class=\"contentswap-effect\" data-hover-fx=\"portfolio-4\"> <div  class=\"initial-image\"> <img decoding=\"async\"  data-size=\"542x360\" src=\"http:\/\/sauberglas.com.br\/wp-content\/uploads\/2022\/05\/cropped-WhatsApp-Image-2022-05-23-at-11.01.138.jpeg\"> <\/div> <div  class=\"overlay bg-color1\"><\/div> <div  class=\"swap-inner col-xs-12\"> <div  class=\"row full-height-row middle-xs middle-sm\"> <div  class=\"col-xs-12 text-center content-holder\"> <a  href=\"#\" target=\"_self\"><i  class=\"fa icon big portfolio-icon fa-search\" aria-hidden=\"true\"><\/i><\/a> <\/div> <\/div> <\/div> <\/div> <\/div>     <\/div> <\/div> <\/div><div  id=\"depoimentos\" style=\"background-color: #ffffff;\" data-label=\"Depoimentos\" data-id=\"testimonials-5\" data-export-id=\"testimonials-5\" data-category=\"testimonials\" class=\"testimonials-5 content-section content-section-spacing\"> <div  class=\"gridContainer\"> <div  class=\"row\"> <div  data-type=\"column\" class=\"section-title-col\"> <h2  class=\"\">Depoimentos<\/h2>  <\/div> <\/div> <div  class=\"row spaced-cols content-center-sm\" data-type=\"row\"> <div  class=\"col-sm-4\"> <div  class=\"card y-move bordered\" data-type=\"column\"> <i  class=\"fa fa-quote-right icon color1 small\"><\/i> <p  class=\"text-center\">Recomendo a empresa !<br >\u00d3tima em servi\u00e7os de limpeza de fachada predial utlizando t\u00e9cnica de alpinismo industrial trabalhos em altura.<\/p> <img decoding=\"async\"  src=\"http:\/\/sauberglas.com.br\/wp-content\/uploads\/2018\/05\/c8f6f221aeb781e098aa620d9c6e7b61_44x44.jpeg\" class=\"round icon\"> <h6  class=\"\">SILVA VERTICAL<\/h6>  <\/div> <\/div>   <\/div> <\/div> <\/div>","protected":false},"excerpt":{"rendered":"<p>A SAUBER GLAS \u00e9 especializada em Presta\u00e7\u00e3o de Servi\u00e7os de Limpeza e Conserva\u00e7\u00e3o predial Nosso objetivo principal \u00e9 fornecer aos nossos clientes um atendimento personalizado e diferenciado, buscando identificar suas necessidades e oferecendo solu\u00e7\u00f5es adequadas e com qualidade para o alcance de suas metas, a fim de que ele possa dedicar-se mais despreocupadamente \u00e0s suas&hellip; <br \/> <a class=\"read-more\" href=\"https:\/\/sauberglas.com.br\/\">Leia mais<\/a><\/p>\n","protected":false},"author":1,"featured_media":0,"parent":0,"menu_order":0,"comment_status":"closed","ping_status":"closed","template":"page-templates\/homepage.php","meta":{"footnotes":""},"class_list":["post-10","page","type-page","status-publish","hentry"],"_links":{"self":[{"href":"https:\/\/sauberglas.com.br\/index.php\/wp-json\/wp\/v2\/pages\/10","targetHints":{"allow":["GET"]}}],"collection":[{"href":"https:\/\/sauberglas.com.br\/index.php\/wp-json\/wp\/v2\/pages"}],"about":[{"href":"https:\/\/sauberglas.com.br\/index.php\/wp-json\/wp\/v2\/types\/page"}],"author":[{"embeddable":true,"href":"https:\/\/sauberglas.com.br\/index.php\/wp-json\/wp\/v2\/users\/1"}],"replies":[{"embeddable":true,"href":"https:\/\/sauberglas.com.br\/index.php\/wp-json\/wp\/v2\/comments?post=10"}],"version-history":[{"count":5,"href":"https:\/\/sauberglas.com.br\/index.php\/wp-json\/wp\/v2\/pages\/10\/revisions"}],"predecessor-version":[{"id":89,"href":"https:\/\/sauberglas.com.br\/index.php\/wp-json\/wp\/v2\/pages\/10\/revisions\/89"}],"wp:attachment":[{"href":"https:\/\/sauberglas.com.br\/index.php\/wp-json\/wp\/v2\/media?parent=10"}],"curies":[{"name":"wp","href":"https:\/\/api.w.org\/{rel}","templated":true}]}}